{"id":1588,"date":"2019-07-05T16:41:06","date_gmt":"2019-07-05T16:41:06","guid":{"rendered":"http:\/\/demos.upperthemes.com\/koral\/site1\/?page_id=1588"},"modified":"2024-12-18T17:07:12","modified_gmt":"2024-12-18T22:07:12","slug":"services-2","status":"publish","type":"page","link":"https:\/\/wecare.travel\/inicio\/?page_id=1588","title":{"rendered":"Beneficios adicionales"},"content":{"rendered":"<p>[vc_row css=&#8221;.vc_custom_1562355275619{margin-top: 50px !important;margin-bottom: 50px !important;}&#8221;][vc_column]<div class=\"ult-animation  ult-animate-viewport  ult-no-mobile \" data-animate=\"slideInUp\" data-animation-delay=\"0.3\" data-animation-duration=\"1\" data-animation-iteration=\"1\" style=\"opacity:0;\" data-opacity_start_effect=\"\"><section class='special_tabs icontext vertical'><div class='tab-selector col-xs-12 col-sm-3'><\/div><div class='tab-container col-xs-12 col-sm-9' style='margin-left:0px;'><\/div><div class='label 1'><div class='koral_icon_special_tabs'><i class='fa linearicons-bicycle2'><\/i><\/div><div class='title'><a>Deportes<\/a><\/div><div class='divider-vertical-tabs'><\/div><\/div><div class='content 1'><p>[vc_row_inner][vc_column_inner width=&#8221;1\/2&#8243; css=&#8221;.vc_custom_1474056192226{padding-left: 25px !important;}&#8221;][vc_column_text]\u2013\u00a0\u00a0Pr\u00e1ctica recreativa o por competencia (deportes convencionales).<\/p>\n<p>\u2013 <span style=\"font-weight: 400;\">Cobertura en deportes extremos (Ej; Parapente, alpinismo, rafting, ciclismo, buceo, BMX,\u00a0 entre otros).<\/span><\/p>\n<p>\u2013\u00a0\u00a0Cobertura hasta el tope del producto adquirido.<\/p>\n<p>\u2013\u00a0\u00a0Aplica en tarifas diarias hasta 60 d\u00edas.<\/p>\n<p>\u2013\u00a0\u00a0L\u00edmite de edad: Hasta 65 a\u00f1os<\/p>\n<p>\u2013\u00a0\u00a0Aplica incremento de tarifa seg\u00fan deporte[\/vc_column_text][\/vc_column_inner][vc_column_inner width=&#8221;1\/2&#8243;][vc_single_image image=&#8221;2334&#8243; img_size=&#8221;medium&#8221; alignment=&#8221;center&#8221;][\/vc_column_inner][\/vc_row_inner]<\/p>\n<\/div><div class='label 2'><div class='koral_icon_special_tabs'><i class='fa linearicons-first-aid'><\/i><\/div><div class='title'><a>Preeexistencias<\/a><\/div><div class='divider-vertical-tabs'><\/div><\/div><div class='content 2'><p>[vc_row_inner][vc_column_inner width=&#8221;1\/2&#8243; css=&#8221;.vc_custom_1474056192226{padding-left: 25px !important;}&#8221;][vc_column_text]\u2013\u00a0\u00a0Cobertura hasta el 30% del tope del producto adquirido.<\/p>\n<p>\u2013\u00a0\u00a0Incremento de tarifa del 30%.<\/p>\n<p>\u2013\u00a0\u00a0\u00a0L\u00edmite de edad: hasta 74 a\u00f1os.[\/vc_column_text][vc_empty_space height=&#8221;5px&#8221;][\/vc_column_inner][vc_column_inner width=&#8221;1\/2&#8243;][vc_single_image image=&#8221;2335&#8243; img_size=&#8221;medium&#8221; alignment=&#8221;center&#8221;][\/vc_column_inner][\/vc_row_inner]<\/p>\n<\/div>\n<\/section><\/div>[\/vc_column][\/vc_row][vc_row full_width=&#8221;stretch_row_content_no_spaces&#8221; content_placement=&#8221;middle&#8221; parallax=&#8221;content-moving&#8221; parallax_image=&#8221;2236&#8243;][vc_column][vc_empty_space height=&#8221;192px&#8221;][\/vc_column][\/vc_row][vc_row css=&#8221;.vc_custom_1562355275619{margin-top: 50px !important;margin-bottom: 50px !important;}&#8221;][vc_column]<div class=\"ult-animation  ult-animate-viewport  ult-no-mobile \" data-animate=\"slideInUp\" data-animation-delay=\"0.3\" data-animation-duration=\"1\" data-animation-iteration=\"1\" style=\"opacity:0;\" data-opacity_start_effect=\"\"><section class='special_tabs icontext vertical'><div class='tab-selector col-xs-12 col-sm-3'><\/div><div class='tab-container col-xs-12 col-sm-9' style='margin-left:0px;'><\/div><div class='label 3'><div class='koral_icon_special_tabs'><i class='fa linearicons-baby-bottle'><\/i><\/div><div class='title'><a>Embarazadas<\/a><\/div><div class='divider-vertical-tabs'><\/div><\/div><div class='content 3'><p>[vc_row_inner][vc_column_inner width=&#8221;1\/2&#8243; css=&#8221;.vc_custom_1474056192226{padding-left: 25px !important;}&#8221;][vc_column_text]\u2013\u00a0\u00a0Aplica para las mujeres que tengan m\u00e1ximo 32 semanas de gestaci\u00f3n.<\/p>\n<p>\u2013\u00a0\u00a0El beneficio aplica para emergencias que se presenten durante el viaje, incluyendo controles de emergencia, ecograf\u00edas de urgencia, partos de emergencia, entre otras.<\/p>\n<p>\u2013\u00a0\u00a0Vigencia m\u00e1xima: hasta 30 d\u00edas a partir del inicio del viaje.<\/p>\n<p>\u2013\u00a0\u00a0L\u00edmite de edad: <span style=\"font-weight: 400;\">Desde 19 a 45 a\u00f1os.<\/span><\/p>\n<p>\u2013\u00a0\u00a0Cobertura: hasta USD10.000.<\/p>\n<div \n                class=\"elfsight-widget-whatsapp-chat elfsight-widget\" \n                data-elfsight-whatsapp-chat-options=\"%7B%22facebookSubgoup%22%3Anull%2C%22whatsappSubgoup%22%3Anull%2C%22telegramSubgoup%22%3Anull%2C%22viberSubgoup%22%3Anull%2C%22rumbletalkSubgoup%22%3Anull%2C%22divider-1%22%3Anull%2C%22userAccessToken%22%3Anull%2C%22page%22%3Anull%2C%22phone%22%3A%22%2B573158062800%22%2C%22link%22%3Anull%2C%22userAccessTokenBubbleSubgroup%22%3Anull%2C%22bubbleIcon%22%3A%22whatsapp-chat%22%2C%22bubbleText%22%3A%22Cotiza%20aqu%5Cu00ed%22%2C%22picture%22%3A%22library%22%2C%22pictureLibrary%22%3A%7B%22photo%22%3A%22https%3A%5C%2F%5C%2Fpbs.twimg.com%5C%2Fprofile_images%5C%2F951055655594545153%5C%2FF6eybr-i.jpg%22%7D%2C%22pictureCustom%22%3Anull%2C%22name%22%3A%22We%20Care%22%2C%22nameCaptionType%22%3A%22replyTime%22%2C%22nameCaptionReplyTime%22%3A%22Typically%20replies%20within%20a%20day%22%2C%22nameCaptionCustom%22%3Anull%2C%22welcomeMessage%22%3A%22Hola%20%5Cud83d%5Cudc4b%3Cbr%3E%3Cbr%3E%5Cu00bfEn%20qu%5Cu00e9%20te%20podemos%20ayudar%3F%22%2C%22buttonText%22%3A%22Iniciar%22%2C%22buttonIconVisible%22%3Atrue%2C%22position%22%3A%22floating%22%2C%22align%22%3A%22right%22%2C%22whereToDisplayChat%22%3A%22allPages%22%2C%22excludedPages%22%3A%5B%5D%2C%22specificPages%22%3A%5B%5D%2C%22devicesToDisplay%22%3A%5B%22mobile%22%2C%22desktop%22%5D%2C%22showChatTo%22%3A%22allVisitors%22%2C%22displayDays%22%3A%5B0%2C1%2C2%2C3%2C4%2C5%2C6%5D%2C%22timeSchedule%22%3Afalse%2C%22displayStartTime%22%3A%2200%3A00%22%2C%22displayEndTime%22%3A%2200%3A00%22%2C%22timeZone%22%3A0%2C%22timeOnPage%22%3A0%2C%22timeOnSite%22%3A0%2C%22scrollPosition%22%3A0%2C%22exiIntent%22%3Afalse%2C%22notifications%22%3A%5B%22bubbleBadge%22%2C%22tabTitle%22%5D%2C%22headerBackgroundColor%22%3A%22rgb%289%2C%2094%2C%2084%29%22%2C%22buttonColor%22%3A%22rgb%2879%2C%20206%2C%2093%29%22%2C%22bubbleBackgroundColor%22%3A%22rgb%28255%2C%20255%2C%20255%29%22%2C%22bubbleIconColor%22%3A%22rgb%2879%2C%20206%2C%2093%29%22%2C%22windowBackgroundColor%22%3A%22rgb%28230%2C%20221%2C%20212%29%22%2C%22windowBackgroundPattern%22%3A%22https%3A%5C%2F%5C%2Felfsight.com%5C%2Fassets%5C%2Fchats%5C%2Fpatterns%5C%2Fwhatsapp.png%22%2C%22buttonBorderRadius%22%3A20%2C%22widgetId%22%3A%221%22%7D\" \n                data-elfsight-whatsapp-chat-version=\"1.2.0\"\n                data-elfsight-widget-id=\"elfsight-whatsapp-chat-1\">\n            <\/div>\n            [\/vc_column_text][\/vc_column_inner][vc_column_inner width=&#8221;1\/2&#8243;][vc_single_image image=&#8221;2336&#8243; img_size=&#8221;medium&#8221; alignment=&#8221;center&#8221;][\/vc_column_inner][\/vc_row_inner]<\/p>\n<\/div><div class='label 4'><div class='koral_icon_special_tabs'><i class='fa linearicons-cloud-windy'><\/i><\/div><div class='title'><a>Seguro de cancelaci\u00f3n multicausa<\/a><\/div><div class='divider-vertical-tabs'><\/div><\/div><div class='content 4'><p>[vc_row_inner][vc_column_inner width=&#8221;1\/2&#8243; css=&#8221;.vc_custom_1474056192226{padding-left: 25px !important;}&#8221;][vc_column_text]\u2013\u00a0\u00a0Este seguro te ayudar\u00e1 a recuperar las penalidades en caso de que debas cancelar anticipadamente tu viaje.<\/p>\n<p>\u2013\u00a0\u00a0Hay unas causas establecidas para que aplique. Ej: Enfermedad grave del titular, epidemia, despido laboral entre otros.<\/p>\n<p>\u2013\u00a0\u00a0Debes adquirir tu asistencia We Care, antes o hasta un m\u00e1ximo de 72 horas posteriores al primer pago de los servicios tur\u00edsticos que pudieran cancelarse.[\/vc_column_text][vc_empty_space height=&#8221;25px&#8221;][\/vc_column_inner][vc_column_inner width=&#8221;1\/2&#8243;][vc_single_image image=&#8221;2337&#8243; img_size=&#8221;medium&#8221; alignment=&#8221;center&#8221;][\/vc_column_inner][\/vc_row_inner]<\/p>\n<\/div>\n<\/section><\/div>[\/vc_column][\/vc_row][vc_row full_width=&#8221;stretch_row_content_no_spaces&#8221; content_placement=&#8221;middle&#8221; parallax=&#8221;content-moving&#8221; parallax_image=&#8221;2237&#8243;][vc_column][vc_empty_space height=&#8221;192px&#8221;][\/vc_column][\/vc_row][vc_row css=&#8221;.vc_custom_1562355275619{margin-top: 50px !important;margin-bottom: 50px !important;}&#8221;][vc_column]<div class=\"ult-animation  ult-animate-viewport  ult-no-mobile \" data-animate=\"slideInUp\" data-animation-delay=\"0.3\" data-animation-duration=\"1\" data-animation-iteration=\"1\" style=\"opacity:0;\" data-opacity_start_effect=\"\"><section class='special_tabs icontext vertical'><div class='tab-selector col-xs-12 col-sm-3'><\/div><div class='tab-container col-xs-12 col-sm-9' style='margin-left:0px;'><\/div><div class='label 5'><div class='koral_icon_special_tabs'><i class='fa Defaults-heart'><\/i><\/div><div class='title'><a>Asistencia para mascota<\/a><\/div><div class='divider-vertical-tabs'><\/div><\/div><div class='content 5'><p>[vc_row_inner][vc_column_inner width=&#8221;1\/2&#8243; css=&#8221;.vc_custom_1474056192226{padding-left: 25px !important;}&#8221;][vc_empty_space height=&#8221;82px&#8221;][vc_column_text]\u2013 Cobertura por accidente, enfermedad o repatriaci\u00f3n funeraria.<\/p>\n<p>\u2013 L\u00edmite de edad: de 4 meses hasta los 8 a\u00f1os. *Aplica una (1) mascota por persona (perros y gatos).<\/p>\n<p>\u2013 Tope de Cobertura: USD5.000 o USD 10.000.[\/vc_column_text][vc_empty_space height=&#8221;25px&#8221;][\/vc_column_inner][vc_column_inner width=&#8221;1\/2&#8243;][vc_single_image image=&#8221;2339&#8243; img_size=&#8221;medium&#8221; alignment=&#8221;center&#8221;][\/vc_column_inner][\/vc_row_inner]<\/p>\n<\/div><div class='label 6'><div class='koral_icon_special_tabs'><i class='fa linearicons-laptop'><\/i><\/div><div class='title'><a>Protecci\u00f3n de tecnolog\u00eda<\/a><\/div><div class='divider-vertical-tabs'><\/div><\/div><div class='content 6'><p>[vc_row_inner][vc_column_inner width=&#8221;1\/2&#8243; css=&#8221;.vc_custom_1474056192226{padding-left: 25px !important;}&#8221;][vc_empty_space height=&#8221;62px&#8221;][vc_column_text]\u2013\u00a0\u00a0Indemnizaci\u00f3n al beneficiario por la p\u00e9rdida, robo o hurto de los siguientes elementos: tel\u00e9fonos inteligentes, tabletas, computadoras, filmadoras y c\u00e1mara fotogr\u00e1fica.<\/p>\n<p>\u2013\u00a0\u00a0Cobertura hasta USD2.000.[\/vc_column_text][vc_empty_space height=&#8221;25px&#8221;][\/vc_column_inner][vc_column_inner width=&#8221;1\/2&#8243;][vc_single_image image=&#8221;2340&#8243; img_size=&#8221;medium&#8221; alignment=&#8221;center&#8221;][\/vc_column_inner][\/vc_row_inner]<\/p>\n<\/div><div class='label 7'><div class='koral_icon_special_tabs'><i class='fa linearicons-headphones'><\/i><\/div><div class='title'><a>Objetos personales<\/a><\/div><div class='divider-vertical-tabs'><\/div><\/div><div class='content 7'><p>[vc_row_inner][vc_column_inner width=&#8221;1\/2&#8243; css=&#8221;.vc_custom_1474056192226{padding-left: 25px !important;}&#8221;][vc_empty_space height=&#8221;82px&#8221;][vc_column_text]\u2013\u00a0\u00a0Cubre la indemnizaci\u00f3n al beneficiario por el costo de las pertenencias personales o equipaje que haya sido robado durante el viaje.<\/p>\n<p>\u2013\u00a0\u00a0Cobertura hasta USD2.000 (incluye objetos de primera necesidad, medicamentos o equipo m\u00e9dico necesario-vital y hasta USD250 por un objeto de valor.<\/p>\n<p>\u2013\u00a0\u00a0Bot\u00f3n de asistencia de emergencia en la App.[\/vc_column_text][vc_empty_space height=&#8221;25px&#8221;][\/vc_column_inner][vc_column_inner width=&#8221;1\/2&#8243;][vc_single_image image=&#8221;2341&#8243; img_size=&#8221;medium&#8221; alignment=&#8221;center&#8221;][\/vc_column_inner][\/vc_row_inner]<\/p>\n<\/div>\n<\/section><\/div>[\/vc_column][\/vc_row][vc_row full_width=&#8221;stretch_row_content_no_spaces&#8221; content_placement=&#8221;middle&#8221; bg_type=&#8221;image&#8221; parallax_style=&#8221;vcpb-default&#8221; bg_image_new=&#8221;id^2404|url^https:\/\/wecare.travel\/inicio\/wp-content\/uploads\/2024\/12\/we-care-13.png|caption^null|alt^null|title^we care-13|description^null&#8221; css=&#8221;.vc_custom_1734559622798{padding-top: 50px !important;padding-bottom: 50px !important;}&#8221;][vc_column][vc_custom_heading text=&#8221;\u00a1Viaja seguro y tranquilo!&#8221; font_container=&#8221;tag:h2|text_align:center|color:%23ffffff&#8221; google_fonts=&#8221;font_family:Montserrat%3Aregular%2C700|font_style:700%20bold%20regular%3A700%3Anormal&#8221;][vc_btn title=&#8221;\u00a1Cotiza aqu\u00ed!&#8221; color=&#8221;primary&#8221; align=&#8221;center&#8221; link=&#8221;url:https%3A%2F%2Fwecare.travel%2Finicio%2F%3Fpage_id%3D1664|title:Cotizador&#8221;][\/vc_column][\/vc_row]<\/p>\n","protected":false},"excerpt":{"rendered":"<p>[vc_row css=&#8221;.vc_custom_1562355275619{margin-top: 50px !important;margin-bottom: 50px !important;}&#8221;][vc_column][\/vc_column][\/vc_row][vc_row full_width=&#8221;stretch_row_content_no_spaces&#8221; content_placement=&#8221;middle&#8221; parallax=&#8221;content-moving&#8221; parallax_image=&#8221;2236&#8243;][vc_column][vc_empty_space height=&#8221;192px&#8221;][\/vc_column][\/vc_row][vc_row css=&#8221;.vc_custom_1562355275619{margin-top: 50px !important;margin-bottom: 50px !important;}&#8221;][vc_column][\/vc_column][\/vc_row][vc_row full_width=&#8221;stretch_row_content_no_spaces&#8221; content_placement=&#8221;middle&#8221; parallax=&#8221;content-moving&#8221; parallax_image=&#8221;2237&#8243;][vc_column][vc_empty_space height=&#8221;192px&#8221;][\/vc_column][\/vc_row][vc_row css=&#8221;.vc_custom_1562355275619{margin-top: 50px !important;margin-bottom: 50px !important;}&#8221;][vc_column][\/vc_column][\/vc_row][vc_row full_width=&#8221;stretch_row_content_no_spaces&#8221; content_placement=&#8221;middle&#8221; bg_type=&#8221;image&#8221; parallax_style=&#8221;vcpb-default&#8221; bg_image_new=&#8221;id^2404|url^https:\/\/wecare.travel\/inicio\/wp-content\/uploads\/2024\/12\/we-care-13.png|caption^null|alt^null|title^we care-13|description^null&#8221; css=&#8221;.vc_custom_1734559622798{padding-top: 50px !important;padding-bottom: 50px !important;}&#8221;][vc_column][vc_custom_heading text=&#8221;\u00a1Viaja seguro y tranquilo!&#8221; font_container=&#8221;tag:h2|text_align:center|color:%23ffffff&#8221; google_fonts=&#8221;font_family:Montserrat%3Aregular%2C700|font_style:700%20bold%20regular%3A700%3Anormal&#8221;][vc_btn title=&#8221;\u00a1Cotiza aqu\u00ed!&#8221; color=&#8221;primary&#8221; align=&#8221;center&#8221; link=&#8221;url:https%3A%2F%2Fwecare.travel%2Finicio%2F%3Fpage_id%3D1664|title:Cotizador&#8221;][\/vc_column][\/vc_row]<\/p>\n","protected":false},"author":2,"featured_media":0,"parent":997,"menu_order":0,"comment_status":"closed","ping_status":"closed","template":"page.php","meta":{"_monsterinsights_skip_tracking":false,"_monsterinsights_sitenote_active":false,"_monsterinsights_sitenote_note":"","_monsterinsights_sitenote_category":0,"footnotes":""},"class_list":["post-1588","page","type-page","status-publish","hentry"],"_links":{"self":[{"href":"https:\/\/wecare.travel\/inicio\/index.php?rest_route=\/wp\/v2\/pages\/1588"}],"collection":[{"href":"https:\/\/wecare.travel\/inicio\/index.php?rest_route=\/wp\/v2\/pages"}],"about":[{"href":"https:\/\/wecare.travel\/inicio\/index.php?rest_route=\/wp\/v2\/types\/page"}],"author":[{"embeddable":true,"href":"https:\/\/wecare.travel\/inicio\/index.php?rest_route=\/wp\/v2\/users\/2"}],"replies":[{"embeddable":true,"href":"https:\/\/wecare.travel\/inicio\/index.php?rest_route=%2Fwp%2Fv2%2Fcomments&post=1588"}],"version-history":[{"count":44,"href":"https:\/\/wecare.travel\/inicio\/index.php?rest_route=\/wp\/v2\/pages\/1588\/revisions"}],"predecessor-version":[{"id":2472,"href":"https:\/\/wecare.travel\/inicio\/index.php?rest_route=\/wp\/v2\/pages\/1588\/revisions\/2472"}],"up":[{"embeddable":true,"href":"https:\/\/wecare.travel\/inicio\/index.php?rest_route=\/wp\/v2\/pages\/997"}],"wp:attachment":[{"href":"https:\/\/wecare.travel\/inicio\/index.php?rest_route=%2Fwp%2Fv2%2Fmedia&parent=1588"}],"curies":[{"name":"wp","href":"https:\/\/api.w.org\/{rel}","templated":true}]}}